{"id":3889,"date":"2023-12-29T14:10:16","date_gmt":"2023-12-29T12:10:16","guid":{"rendered":"https:\/\/www.ergonomics.ch\/?page_id=3889"},"modified":"2025-01-29T14:03:10","modified_gmt":"2025-01-29T12:03:10","slug":"jobs","status":"publish","type":"page","link":"https:\/\/www.ergonomics.ch\/en\/front-page\/home\/jobs\/","title":{"rendered":"Jobs"},"content":{"rendered":"\n<div class=\"wp-block-columns is-layout-flex wp-container-core-columns-is-layout-9d6595d7 wp-block-columns-is-layout-flex\">\n<div class=\"wp-block-column is-layout-flow wp-block-column-is-layout-flow\" style=\"flex-basis:66.66%\">\n<p><strong>Bewerbungstipps<\/strong><\/p>\n\n\n\n<p>Begr\u00fcnden Sie doch kurz, warum Sie sich f\u00fcr diese Stelle bewerben und senden Sie einen Lebenslauf, das letzte Zeugnis Ihrer Ausbildung, sowie relevante berufliche Zeugnisse und Referenzen an uns.<\/p>\n\n\n\n<p>Die Stellenausschreibungen auf unserer Homepage sind immer aktuell. Wenn Sie dort nichts Geeignetes finden, k\u00f6nnen Sie uns eine&nbsp;<a href=\"\/bewerbungsformular\/\" data-type=\"URL\" data-id=\"\/bewerbungsformular\/\">Initiativbewerbung<\/a>&nbsp;senden. Selbstverst\u00e4ndlich k\u00f6nnen Sie sich erneut bewerben, wenn Ihre letzte Bewerbung nicht erfolgreich war. Lesen Sie bitte die Anforderungen f\u00fcr die Stelle noch einmal sorgf\u00e4ltig durch und bewerben Sie sich erneut, wenn Sie sicher sind, dass Ihre Erfahrungen, F\u00e4higkeiten und Kompetenzen passen.<\/p>\n\n\n\n<p><strong>Innovativer, kleiner, schneller<\/strong><\/p>\n\n\n\n<p>Wir haben ein klares Ziel: Wir m\u00f6chten das Nr. 1 IT Unternehmen der Schweiz sein. Seien Sie Teil davon und helfen Sie unserem Unternehmen, dieses Ziel zu erreichen. Seit \u00fcber 30 Jahren bieten wir unseren Mitarbeitern die M\u00f6glichkeit, in einem breit aufgestellten IT Unternehmen die Zukunft in Technologie und Dienstleistung mitzugestalten.<\/p>\n\n\n\n<p>Lebenslanges Lernen und regelm\u00e4ssige Perspektivwechsel sind Bestandteil unserer F\u00fchrungskultur. Unsere Aufgabenbereiche und Einsatzgebiete sind breit gef\u00e4chert.<\/p>\n\n\n\n<p>Gute Gr\u00fcnde f\u00fcr Ergonomics zu arbeiten:<\/p>\n\n\n\n<ul class=\"wp-block-list\">\n<li>Wir bieten Ihnen mobile und flexible Arbeitsmodelle. Sie arbeiten beim Kunden, im B\u00fcro oder von zu Hause und nutzen daf\u00fcr das Jahresarbeitszeitmodell.<\/li>\n\n\n\n<li>Wir wollen langfristig mit Ihnen zusammenarbeiten. Darum engagieren wir uns f\u00fcr Ihre berufliche und pers\u00f6nliche Entwicklung. Wir bringen Sie sowohl fachlich als auch pers\u00f6nlich voran und sorgen daf\u00fcr, dass Sie Ihr Potenzial bei uns entfalten k\u00f6nnen.<\/li>\n\n\n\n<li>Wir erreichen unsere Ziele gemeinsam. Teamwork ist zentraler Bestandteil unserer Unternehmenskultur. Offenheit und Vertrauen sind die Basis f\u00fcr eine Arbeitsatmosph\u00e4re, in der unsere Mitarbeiter sich optimal entwickeln und H\u00f6chstleistungen erbringen k\u00f6nnen.<\/li>\n\n\n\n<li>Wir sind gut erreichbar an zentraler Lage, wenige Minuten mit S-Bahn oder Tram vom Z\u00fcrich HB.<\/li>\n<\/ul>\n\n\n\n<p>Bitte beachten Sie, dass wir nur Bewerber und Bewerberinnen ber\u00fccksichtigen k\u00f6nnen, die eine Arbeitsbewilligung f\u00fcr die Schweiz besitzen.<\/p>\n<\/div>\n\n\n\n<div class=\"wp-block-column is-layout-flow wp-block-column-is-layout-flow\" style=\"flex-basis:33.33%\"><\/div>\n<\/div>\n\n\n\n<p><\/p>\n","protected":false},"excerpt":{"rendered":"<p>Bewerbungstipps Begr\u00fcnden Sie doch kurz, warum Sie sich f\u00fcr diese Stelle bewerben und senden Sie einen Lebenslauf, das letzte Zeugnis Ihrer Ausbildung, sowie relevante berufliche Zeugnisse und Referenzen an uns. Die Stellenausschreibungen auf unserer Homepage sind immer aktuell. Wenn Sie dort nichts Geeignetes finden, k\u00f6nnen Sie uns eine&nbsp;Initiativbewerbung&nbsp;senden. Selbstverst\u00e4ndlich k\u00f6nnen Sie sich erneut bewerben, wenn [&hellip;]<\/p>\n","protected":false},"author":2,"featured_media":0,"parent":5,"menu_order":0,"comment_status":"closed","ping_status":"closed","template":"template-jobs.php","meta":{"_acf_changed":false,"footnotes":""},"class_list":["post-3889","page","type-page","status-publish","hentry"],"translation":{"provider":"WPGlobus","version":"3.0.1","language":"en","enabled_languages":["de","en"],"languages":{"de":{"title":true,"content":true,"excerpt":false},"en":{"title":false,"content":false,"excerpt":false}}},"acf":[],"_links":{"self":[{"href":"https:\/\/www.ergonomics.ch\/en\/wp-json\/wp\/v2\/pages\/3889","targetHints":{"allow":["GET"]}}],"collection":[{"href":"https:\/\/www.ergonomics.ch\/en\/wp-json\/wp\/v2\/pages"}],"about":[{"href":"https:\/\/www.ergonomics.ch\/en\/wp-json\/wp\/v2\/types\/page"}],"author":[{"embeddable":true,"href":"https:\/\/www.ergonomics.ch\/en\/wp-json\/wp\/v2\/users\/2"}],"replies":[{"embeddable":true,"href":"https:\/\/www.ergonomics.ch\/en\/wp-json\/wp\/v2\/comments?post=3889"}],"version-history":[{"count":9,"href":"https:\/\/www.ergonomics.ch\/en\/wp-json\/wp\/v2\/pages\/3889\/revisions"}],"predecessor-version":[{"id":4247,"href":"https:\/\/www.ergonomics.ch\/en\/wp-json\/wp\/v2\/pages\/3889\/revisions\/4247"}],"up":[{"embeddable":true,"href":"https:\/\/www.ergonomics.ch\/en\/wp-json\/wp\/v2\/pages\/5"}],"wp:attachment":[{"href":"https:\/\/www.ergonomics.ch\/en\/wp-json\/wp\/v2\/media?parent=3889"}],"curies":[{"name":"wp","href":"https:\/\/api.w.org\/{rel}","templated":true}]}}