{"id":3970,"date":"2024-01-19T18:17:12","date_gmt":"2024-01-19T16:17:12","guid":{"rendered":"https:\/\/www.ergonomics.ch\/?page_id=3970"},"modified":"2026-02-18T16:44:18","modified_gmt":"2026-02-18T14:44:18","slug":"java-software-engineer","status":"publish","type":"page","link":"https:\/\/www.ergonomics.ch\/en\/front-page\/home\/jobs\/java-software-engineer\/","title":{"rendered":"Java und Web Software Engineer"},"content":{"rendered":"\n<div class=\"wp-block-columns is-layout-flex wp-container-core-columns-is-layout-9d6595d7 wp-block-columns-is-layout-flex\">\n<div class=\"wp-block-column is-layout-flow wp-block-column-is-layout-flow\" style=\"flex-basis:66.66%\">\n<p>Als einer der f\u00fchrenden Schweizer Informatikanbieter f\u00fcr Individualsoftware, elektronischen Zahlungsverkehr und Informationssicherheit bieten wir branchenspezifische L\u00f6sungen f\u00fcr Industrie, Handel, Finanzen und \u00f6ffentliche Verwaltungen. Seit 30 Jahren realisieren wir mit rund 25 Mitarbeitenden in Z\u00fcrich Softwarel\u00f6sungen f\u00fcr renommierte Unternehmen im In- und Ausland. Software Engineering, Information Security &amp; Risk Management, Consulting und Reviews sind dabei unsere Kernkompetenzen.<\/p>\n\n\n\n<p>Zur Verst\u00e4rkung unseres Teams suchen wir eine engagierte Pers\u00f6nlichkeit als<\/p>\n\n\n\n<h2 class=\"wp-block-heading\"><strong>Java und Web Software Engineer<\/strong><\/h2>\n\n\n\n<p><strong>Deine Aufgaben<\/strong><\/p>\n\n\n\n<ul class=\"wp-block-list\">\n<li>Du arbeitest in einem kollegialen Entwicklungsteam und engagierst dich in spannenden und abwechslungsreichen Projekten<\/li>\n\n\n\n<li>Du \u00fcberpr\u00fcfst die Kundenanforderungen und erarbeitest zusammen mit dem Kunden und deinem Team fundierte L\u00f6sungskonzepte<\/li>\n\n\n\n<li>Du entwickelst Java-basierte Software mit Web Frontends und verf\u00fcgst \u00fcber viel Erfahrung in der agilen Softwareentwicklung<\/li>\n<\/ul>\n\n\n\n<p><strong>Dein Profil<\/strong><\/p>\n\n\n\n<ul class=\"wp-block-list\">\n<li>Du verf\u00fcgst \u00fcber ausgepr\u00e4gte Eigenverantwortung und Initiative<\/li>\n\n\n\n<li>Du bist flexibel und arbeitest dich gerne in neue Branchen und Themen ein<\/li>\n\n\n\n<li>3+ Jahre Erfahrung mit aktuellen Java Technologien (Spring, JPA, JEE, Vaadin)<\/li>\n\n\n\n<li>3+ Jahre Erfahrung in JS, TS, CSS, Angular und REST Webservices<\/li>\n\n\n\n<li>Erfahrung mit SQL, Oracle DB, Docker und Kubernetes von Vorteil<\/li>\n\n\n\n<li>Gute Kommunikationsf\u00e4higkeiten in Deutsch und Englisch (w\/s)<\/li>\n\n\n\n<li>Abschluss in Informatik (FH, ETH, Universit\u00e4t) oder gleichwertige Ausbildung<\/li>\n<\/ul>\n\n\n\n<p><strong>Unser Angebot<\/strong><\/p>\n\n\n\n<ul class=\"wp-block-list\">\n<li>Du arbeitest in einem crossfunktionalen, motivierten und kollegialen Team in modernen B\u00fcros in Z\u00fcrich<\/li>\n\n\n\n<li>Wir bieten Dir interessante und vielseitige Aufgaben, pers\u00f6nliche Entwicklungsm\u00f6glichkeiten und eine selbst\u00e4ndige Arbeitsweise im Jahresarbeitszeitmodell<\/li>\n\n\n\n<li>Werte wie Mut, Vertrauen und wertsch\u00e4tzendes kritisches Feedback sind ebenso gefragt wie dein aktives Netzwerken und die Freude am Lernen<\/li>\n\n\n\n<li>Wir sch\u00e4tzen deine Mitsprache und deinen Ideenreichtum und sorgen f\u00fcr ein angenehmes Arbeitsumfeld sowie f\u00fcr die stetige Weiterentwicklung und Zertifizierung deines Know-hows<\/li>\n<\/ul>\n\n\n\n<p><strong>Unser Bewerbungsprozess<\/strong><\/p>\n\n\n\n<ul class=\"wp-block-list\">\n<li>Bewirb dich rasch und unkompliziert, auch ohne Motivationsschreiben. Wir freuen uns auf dich!<\/li>\n\n\n\n<li>Telefonisches Interview zum pers\u00f6nlichen Kennenlernen \u201eWelcome to Ergonomics\u201c<\/li>\n\n\n\n<li>Zweites Interview mit Kollegen aus deinem k\u00fcnftigen Arbeitsbereich \u201eMeet Ergonomics\u201c<\/li>\n\n\n\n<li>Entscheid \/ Vertragsangebot \/ Vertragsabschluss \u201eBe Ergonomics\u201c<\/li>\n<\/ul>\n\n\n\n<p>Haben wir dein Interesse geweckt? Gerne erwarten wir deine vollst\u00e4ndigen Bewerbungsunterlagen in elektronischer Form. Bitte nutze unser <a href=\"https:\/\/www.ergonomics.ch\/front-page\/home\/bewerbungsformular\/\" data-type=\"page\" data-id=\"377\">Online-Bewerbungsformular<\/a> oder sende die Unterlagen per E-Mail an: <a href=\"https:\/\/web.archive.org\/web\/20230127113502\/mailto:jobs@ergonomics.ch\" target=\"_blank\" rel=\"noreferrer noopener\">jobs@ergonomics.ch<\/a>.<\/p>\n<\/div>\n\n\n\n<div class=\"wp-block-column is-layout-flow wp-block-column-is-layout-flow\" style=\"flex-basis:33.33%\"><\/div>\n<\/div>\n","protected":false},"excerpt":{"rendered":"<p>Als einer der f\u00fchrenden Schweizer Informatikanbieter f\u00fcr Individualsoftware, elektronischen Zahlungsverkehr und Informationssicherheit bieten wir branchenspezifische L\u00f6sungen f\u00fcr Industrie, Handel, Finanzen und \u00f6ffentliche Verwaltungen. Seit 30 Jahren realisieren wir mit rund 25 Mitarbeitenden in Z\u00fcrich Softwarel\u00f6sungen f\u00fcr renommierte Unternehmen im In- und Ausland. Software Engineering, Information Security &amp; Risk Management, Consulting und Reviews sind dabei unsere [&hellip;]<\/p>\n","protected":false},"author":2,"featured_media":0,"parent":3889,"menu_order":0,"comment_status":"closed","ping_status":"closed","template":"","meta":{"_acf_changed":false,"footnotes":""},"class_list":["post-3970","page","type-page","status-publish","hentry"],"translation":{"provider":"WPGlobus","version":"3.0.1","language":"en","enabled_languages":["de","en"],"languages":{"de":{"title":true,"content":true,"excerpt":false},"en":{"title":false,"content":false,"excerpt":false}}},"acf":[],"_links":{"self":[{"href":"https:\/\/www.ergonomics.ch\/en\/wp-json\/wp\/v2\/pages\/3970","targetHints":{"allow":["GET"]}}],"collection":[{"href":"https:\/\/www.ergonomics.ch\/en\/wp-json\/wp\/v2\/pages"}],"about":[{"href":"https:\/\/www.ergonomics.ch\/en\/wp-json\/wp\/v2\/types\/page"}],"author":[{"embeddable":true,"href":"https:\/\/www.ergonomics.ch\/en\/wp-json\/wp\/v2\/users\/2"}],"replies":[{"embeddable":true,"href":"https:\/\/www.ergonomics.ch\/en\/wp-json\/wp\/v2\/comments?post=3970"}],"version-history":[{"count":5,"href":"https:\/\/www.ergonomics.ch\/en\/wp-json\/wp\/v2\/pages\/3970\/revisions"}],"predecessor-version":[{"id":4143,"href":"https:\/\/www.ergonomics.ch\/en\/wp-json\/wp\/v2\/pages\/3970\/revisions\/4143"}],"up":[{"embeddable":true,"href":"https:\/\/www.ergonomics.ch\/en\/wp-json\/wp\/v2\/pages\/3889"}],"wp:attachment":[{"href":"https:\/\/www.ergonomics.ch\/en\/wp-json\/wp\/v2\/media?parent=3970"}],"curies":[{"name":"wp","href":"https:\/\/api.w.org\/{rel}","templated":true}]}}