{"id":4135,"date":"2024-10-15T10:02:54","date_gmt":"2024-10-15T08:02:54","guid":{"rendered":"https:\/\/www.ergonomics.ch\/?page_id=4135"},"modified":"2025-10-23T08:24:45","modified_gmt":"2025-10-23T06:24:45","slug":"head-software-consulting","status":"publish","type":"page","link":"https:\/\/www.ergonomics.ch\/en\/front-page\/home\/jobs\/head-software-consulting\/","title":{"rendered":"Head Software Consulting"},"content":{"rendered":"\n<div class=\"wp-block-columns is-layout-flex wp-container-core-columns-is-layout-9d6595d7 wp-block-columns-is-layout-flex\">\n<div class=\"wp-block-column is-layout-flow wp-block-column-is-layout-flow\" style=\"flex-basis:66.66%\">\n<p>Als einer der f\u00fchrenden Schweizer Informatikanbieter f\u00fcr Individualsoftware, elektronischen Zahlungsverkehr und Informationssicherheit bieten wir branchenspezifische L\u00f6sungen f\u00fcr Industrie, Handel, Finanzen und \u00f6ffentliche Verwaltungen. Seit 30 Jahren realisieren wir mit rund 25 Mitarbeitenden in Z\u00fcrich Softwarel\u00f6sungen f\u00fcr renommierte Unternehmen im In- und Ausland. Software Engineering, Information Security &amp; Risk Management, Consulting und Reviews sind dabei unsere Kernkompetenzen.<\/p>\n\n\n\n<p>Zur Verst\u00e4rkung unseres Teams suchen wir eine engagierte Pers\u00f6nlichkeit als<\/p>\n\n\n\n<h2 class=\"wp-block-heading\"><strong>Head Software Consulting<\/strong><\/h2>\n\n\n\n<p><strong>Deine Hauptaufgaben<\/strong><\/p>\n\n\n\n<ul class=\"wp-block-list\">\n<li>Du bist verantwortlich f\u00fcr die Akquisition, Leitung und Organisation der Business Unit Software Consulting<\/li>\n\n\n\n<li>Du unterh\u00e4ltst ein Beziehungsnetzwerk, akquirierst neue Kunden und betreust bestehende Auftraggeber<\/li>\n\n\n\n<li>Du erarbeitest Offerten f\u00fcr Software Consulting Dienstleistungen und pr\u00e4sentierst diese den Kunden<\/li>\n\n\n\n<li>Deine technische Expertisen und deine Bewertung der Kundenanforderungen sind richtungsweisend<\/li>\n\n\n\n<li>Du kannst wichtige Entscheidungen treffen und anstehende Probleme l\u00f6sen<\/li>\n\n\n\n<li>Du bist in der Lage neue Trends zu erkennen und die internen Prozesse laufend zu verbessern<\/li>\n\n\n\n<li>Du unterst\u00fctzt dein Team und f\u00f6rderst unsere zeitgem\u00e4sse Firmenkultur<\/li>\n\n\n\n<li>Du bist bereit bei Bedarf aktiv in Kundenprojekten mitzuarbeiten<\/li>\n<\/ul>\n\n\n\n<p><strong>Dein Profil<\/strong><\/p>\n\n\n\n<ul class=\"wp-block-list\">\n<li>Du hast einen Master\/Bachelor in Computer Science oder eine \u00e4hnliche Ausbildung<\/li>\n\n\n\n<li>Du verf\u00fcgst \u00fcber solide Erfahrung in den Software Technologien<\/li>\n\n\n\n<li>Du kennst die markt\u00fcblichen Software- und Test-Werkzeuge (GitLab, Sonar, Jira, etc.)<\/li>\n\n\n\n<li>Cloud und Container Erfahrung (Docker, Kubernetes) sind von Vorteil<\/li>\n\n\n\n<li>Du hast gute Kommunikations- und Repr\u00e4sentationsf\u00e4higkeiten, hast eine positive Lebenseinstellung und arbeitest l\u00f6sungsorientiert<\/li>\n\n\n\n<li>Du verf\u00fcgst \u00fcber starke F\u00fchrungsqualit\u00e4ten und hast eine grosse \u00dcberzeugungskraft<\/li>\n\n\n\n<li>Du verf\u00fcgst \u00fcber eine hohe Leistungsbereitschaft, bist zuverl\u00e4ssig und \u00fcbernimmst gerne Verantwortung<\/li>\n\n\n\n<li>Du verf\u00fcgst \u00fcber gute Deutsch- und Englischkenntnisse<\/li>\n<\/ul>\n\n\n\n<p><strong>Unser Angebot<\/strong><\/p>\n\n\n\n<ul class=\"wp-block-list\">\n<li>Du arbeitest in einem professionellen, motivierten und kollegialen Team in modernen B\u00fcros in Z\u00fcrich<\/li>\n\n\n\n<li>Wir bieten Dir interessante und vielseitige Aufgaben, pers\u00f6nliche Entwicklungsm\u00f6glichkeiten und eine selbst\u00e4ndige Arbeitsweise im Jahresarbeitszeitmodell<\/li>\n\n\n\n<li>Wir pflegen eine offene und ehrliche Kommunikationskultur und l\u00f6sen Aufgaben gerne im Team<\/li>\n\n\n\n<li>Du hast grosse Mitgestaltungsm\u00f6glichkeiten, deine frischen Ideen sind willkommen und beeinflussen den Werdegang des gesamten Unternehmens<\/li>\n<\/ul>\n\n\n\n<p>Haben wir dein Interesse geweckt? Gerne erwarten wir deine vollst\u00e4ndigen Bewerbungsunterlagen in elektronischer Form. Bitte nutze unser <a href=\"https:\/\/www.ergonomics.ch\/front-page\/home\/bewerbungsformular\/\" data-type=\"page\" data-id=\"377\">Online-Bewerbungsformular<\/a> oder sende die Unterlagen per E-Mail an: <a href=\"https:\/\/web.archive.org\/web\/20230127113502\/mailto:jobs@ergonomics.ch\" target=\"_blank\" rel=\"noreferrer noopener\">jobs@ergonomics.ch<\/a>.<\/p>\n<\/div>\n\n\n\n<div class=\"wp-block-column is-layout-flow wp-block-column-is-layout-flow\" style=\"flex-basis:33.33%\"><\/div>\n<\/div>\n","protected":false},"excerpt":{"rendered":"<p>Als einer der f\u00fchrenden Schweizer Informatikanbieter f\u00fcr Individualsoftware, elektronischen Zahlungsverkehr und Informationssicherheit bieten wir branchenspezifische L\u00f6sungen f\u00fcr Industrie, Handel, Finanzen und \u00f6ffentliche Verwaltungen. Seit 30 Jahren realisieren wir mit rund 25 Mitarbeitenden in Z\u00fcrich Softwarel\u00f6sungen f\u00fcr renommierte Unternehmen im In- und Ausland. Software Engineering, Information Security &amp; Risk Management, Consulting und Reviews sind dabei unsere [&hellip;]<\/p>\n","protected":false},"author":2,"featured_media":0,"parent":3889,"menu_order":0,"comment_status":"closed","ping_status":"closed","template":"","meta":{"_acf_changed":false,"footnotes":""},"class_list":["post-4135","page","type-page","status-publish","hentry"],"translation":{"provider":"WPGlobus","version":"3.0.1","language":"en","enabled_languages":["de","en"],"languages":{"de":{"title":true,"content":true,"excerpt":false},"en":{"title":false,"content":false,"excerpt":false}}},"acf":[],"_links":{"self":[{"href":"https:\/\/www.ergonomics.ch\/en\/wp-json\/wp\/v2\/pages\/4135","targetHints":{"allow":["GET"]}}],"collection":[{"href":"https:\/\/www.ergonomics.ch\/en\/wp-json\/wp\/v2\/pages"}],"about":[{"href":"https:\/\/www.ergonomics.ch\/en\/wp-json\/wp\/v2\/types\/page"}],"author":[{"embeddable":true,"href":"https:\/\/www.ergonomics.ch\/en\/wp-json\/wp\/v2\/users\/2"}],"replies":[{"embeddable":true,"href":"https:\/\/www.ergonomics.ch\/en\/wp-json\/wp\/v2\/comments?post=4135"}],"version-history":[{"count":4,"href":"https:\/\/www.ergonomics.ch\/en\/wp-json\/wp\/v2\/pages\/4135\/revisions"}],"predecessor-version":[{"id":4144,"href":"https:\/\/www.ergonomics.ch\/en\/wp-json\/wp\/v2\/pages\/4135\/revisions\/4144"}],"up":[{"embeddable":true,"href":"https:\/\/www.ergonomics.ch\/en\/wp-json\/wp\/v2\/pages\/3889"}],"wp:attachment":[{"href":"https:\/\/www.ergonomics.ch\/en\/wp-json\/wp\/v2\/media?parent=4135"}],"curies":[{"name":"wp","href":"https:\/\/api.w.org\/{rel}","templated":true}]}}